{"id":487,"date":"2023-10-09T13:32:57","date_gmt":"2023-10-09T13:32:57","guid":{"rendered":"https:\/\/alumnisocial.deusto.es\/?page_id=487"},"modified":"2023-10-09T13:34:04","modified_gmt":"2023-10-09T13:34:04","slug":"tailerra-gure-kontsumoaren-eragina-klimaren-krisian","status":"publish","type":"page","link":"https:\/\/alumnisocial.deusto.es\/eu\/tailerra-gure-kontsumoaren-eragina-klimaren-krisian\/","title":{"rendered":"Tailerra.Gure kontsumoaren eragina klimaren krisian."},"content":{"rendered":"\n<p>Barkatu, edukia itzuli gabe dago.<\/p>\n\n\n\n<p>El cambio clim\u00e1tico es un fen\u00f3meno global complejo que, dentro de los diferentes \u00e1mbitos y visiones posibles, se pretende acercar al impacto de la vida diaria ordinaria de cada una de las personas que vive en nuestras sociedades occidentales, englobados en los denominados \u201cpa\u00edses desarrollados\u201d.<\/p>\n\n\n\n<p>La reducci\u00f3n en la presi\u00f3n de los recursos naturales y de los residuos generados es una de las claves para poder satisfacer las necesidades presentes sin comprometer las capacidades de las generaciones futuras. El diagn\u00f3stico del impacto ambiental y social de nuestras acciones diarias, dentro de un sistema complejo, es un punto fundamental de cara al empoderamiento ciudadano para establecer un consumo\/no consumo m\u00e1s consciente, actuando en la soluci\u00f3n tanto como ciudadanos como consumidores.<\/p>\n\n\n\n<p><strong>OBJETIVO:<\/strong><\/p>\n\n\n\n<p>Entender, reflexionar y tener una actitud cr\u00edtica sobre las consecuencias que tienen nuestros actos de la vida diaria, desde tres pilares fundamentales: la alimentaci\u00f3n, los residuos pl\u00e1sticos y la ropa.<\/p>\n\n\n\n<p><strong>CONTENIDO:<\/strong><\/p>\n\n\n\n<p>Problem\u00e1tica en la alimentaci\u00f3n: \u00bftiramos comida mientras otros pasan hambre?<br>\u00bfEs la alimentaci\u00f3n un derecho como la sanidad o la educaci\u00f3n?<br>Las islas de pl\u00e1stico en el planeta \u00bfde d\u00f3nde vienen? \u00bfad\u00f3nde vamos?<br>\u00bfLa soluci\u00f3n es reciclar? Introducci\u00f3n a la Econom\u00eda Circular<br>El sector textil (fast fashion): su impacto medioambiental y social<br>\u00bfEstamos todos quietos o hay personas que pretenden cambiar el mundo?<\/p>\n\n\n\n<p><strong>METODOLOG\u00cdA<\/strong><\/p>\n\n\n\n<p>La sesi\u00f3n formativa tendr\u00e1 un car\u00e1cter te\u00f3rico &#8211; pr\u00e1ctico, combinando exposiciones te\u00f3ricas con ejemplos sobre los conceptos desarrollados, persiguiendo fomentar el di\u00e1logo y generaci\u00f3n de reflexiones entre todos.<\/p>\n\n\n\n<p><strong>El curso ser\u00e1 impartido por la ONGD Enra\u00edza Derechos<\/strong>.<\/p>\n\n\n\n<p><strong>Fecha:<\/strong>&nbsp;3 de diciembre 2020<\/p>\n\n\n\n<p><strong>Hora:<\/strong>&nbsp;De 15.30 a 17.30 h. A las 17.30 se presentar\u00e1 el programa Reactivate.<\/p>\n\n\n\n<p><strong>Modalidad<\/strong>: Online<\/p>\n\n\n\n<p><strong>Certificado de participaci\u00f3n<\/strong><\/p>\n\n\n\n<p><strong>Entrega de materiales<\/strong><\/p>\n\n\n\n<p><a href=\"https:\/\/docs.google.com\/forms\/d\/e\/1FAIpQLSdDx2HDogRB95j_oFvHZ_jJHo6cCq5BWR0jvEMTyyVV6xEs-w\/viewform\" target=\"_blank\" rel=\"noreferrer noopener\">Inscripci\u00f3n<\/a><\/p>\n","protected":false},"excerpt":{"rendered":"<p>Barkatu, edukia itzuli gabe dago. El cambio clim\u00e1tico es un fen\u00f3meno global complejo que, dentro de los diferentes \u00e1mbitos y visiones posibles, se pretende acercar al impacto de la vida diaria ordinaria de cada una de las personas que vive en nuestras sociedades occidentales, englobados en los denominados \u201cpa\u00edses desarrollados\u201d. La reducci\u00f3n en la presi\u00f3n [&hellip;]<\/p>\n","protected":false},"author":1,"featured_media":0,"parent":0,"menu_order":0,"comment_status":"closed","ping_status":"closed","template":"","meta":{"site-sidebar-layout":"default","site-content-layout":"","ast-site-content-layout":"default","site-content-style":"default","site-sidebar-style":"default","ast-global-header-display":"","ast-banner-title-visibility":"","ast-main-header-display":"","ast-hfb-above-header-display":"","ast-hfb-below-header-display":"","ast-hfb-mobile-header-display":"","site-post-title":"","ast-breadcrumbs-content":"","ast-featured-img":"","footer-sml-layout":"","ast-disable-related-posts":"","theme-transparent-header-meta":"","adv-header-id-meta":"","stick-header-meta":"","header-above-stick-meta":"","header-main-stick-meta":"","header-below-stick-meta":"","astra-migrate-meta-layouts":"default","ast-page-background-enabled":"default","ast-page-background-meta":{"desktop":{"background-color":"var(--ast-global-color-4)","background-image":"","background-repeat":"repeat","background-position":"center center","background-size":"auto","background-attachment":"scroll","background-type":"","background-media":"","overlay-type":"","overlay-color":"","overlay-opacity":"","overlay-gradient":""},"tablet":{"background-color":"","background-image":"","background-repeat":"repeat","background-position":"center center","background-size":"auto","background-attachment":"scroll","background-type":"","background-media":"","overlay-type":"","overlay-color":"","overlay-opacity":"","overlay-gradient":""},"mobile":{"background-color":"","background-image":"","background-repeat":"repeat","background-position":"center center","background-size":"auto","background-attachment":"scroll","background-type":"","background-media":"","overlay-type":"","overlay-color":"","overlay-opacity":"","overlay-gradient":""}},"ast-content-background-meta":{"desktop":{"background-color":"var(--ast-global-color-5)","background-image":"","background-repeat":"repeat","background-position":"center center","background-size":"auto","background-attachment":"scroll","background-type":"","background-media":"","overlay-type":"","overlay-color":"","overlay-opacity":"","overlay-gradient":""},"tablet":{"background-color":"var(--ast-global-color-5)","background-image":"","background-repeat":"repeat","background-position":"center center","background-size":"auto","background-attachment":"scroll","background-type":"","background-media":"","overlay-type":"","overlay-color":"","overlay-opacity":"","overlay-gradient":""},"mobile":{"background-color":"var(--ast-global-color-5)","background-image":"","background-repeat":"repeat","background-position":"center center","background-size":"auto","background-attachment":"scroll","background-type":"","background-media":"","overlay-type":"","overlay-color":"","overlay-opacity":"","overlay-gradient":""}},"footnotes":""},"class_list":["post-487","page","type-page","status-publish","hentry"],"_links":{"self":[{"href":"https:\/\/alumnisocial.deusto.es\/eu\/wp-json\/wp\/v2\/pages\/487","targetHints":{"allow":["GET"]}}],"collection":[{"href":"https:\/\/alumnisocial.deusto.es\/eu\/wp-json\/wp\/v2\/pages"}],"about":[{"href":"https:\/\/alumnisocial.deusto.es\/eu\/wp-json\/wp\/v2\/types\/page"}],"author":[{"embeddable":true,"href":"https:\/\/alumnisocial.deusto.es\/eu\/wp-json\/wp\/v2\/users\/1"}],"replies":[{"embeddable":true,"href":"https:\/\/alumnisocial.deusto.es\/eu\/wp-json\/wp\/v2\/comments?post=487"}],"version-history":[{"count":1,"href":"https:\/\/alumnisocial.deusto.es\/eu\/wp-json\/wp\/v2\/pages\/487\/revisions"}],"predecessor-version":[{"id":488,"href":"https:\/\/alumnisocial.deusto.es\/eu\/wp-json\/wp\/v2\/pages\/487\/revisions\/488"}],"wp:attachment":[{"href":"https:\/\/alumnisocial.deusto.es\/eu\/wp-json\/wp\/v2\/media?parent=487"}],"curies":[{"name":"wp","href":"https:\/\/api.w.org\/{rel}","templated":true}]}}