{"id":473,"date":"2023-10-09T07:34:33","date_gmt":"2023-10-09T07:34:33","guid":{"rendered":"https:\/\/alumnisocial.deusto.es\/?page_id=473"},"modified":"2023-10-09T13:15:44","modified_gmt":"2023-10-09T13:15:44","slug":"txad-afrika-herrialdeko-pertsonen-hezkuntzari-lagundu","status":"publish","type":"page","link":"https:\/\/alumnisocial.deusto.es\/eu\/txad-afrika-herrialdeko-pertsonen-hezkuntzari-lagundu\/","title":{"rendered":"Txad (Afrika) herrialdeko pertsonen hezkuntzari lagundu"},"content":{"rendered":"\n<p>Barkatu, edukia itzuli gabe dago.<\/p>\n\n\n\n<p>Chad es uno de los pa\u00edses m\u00e1s pobres del mundo. La esperanza de vida al nacer es de 49,6 a\u00f1os y&nbsp;<strong>s\u00f3lo 1 de cada 4 personas adultas de m\u00e1s 15 de a\u00f1os est\u00e1 alfabetizada.<\/strong><\/p>\n\n\n\n<p>\u201cFe y Alegr\u00eda\u201d, tras m\u00e1s de 50 a\u00f1os de experiencia en Am\u00e9rica Latina, lleg\u00f3 a Chad en 2007 con la misi\u00f3n de mejorar las condiciones de la educaci\u00f3n en el pa\u00eds. Tras diez a\u00f1os de trabajo y acompa\u00f1amiento cotidiano a las comunidades locales, han identificado que para garantizar una educaci\u00f3n integral y la sostenibilidad de las escuelas&nbsp;<strong>es necesaria la participaci\u00f3n de toda la comunidad educativa, que incluye al profesorado y a las Asociaciones de Madres y Padres.<\/strong><\/p>\n\n\n\n<p><strong>Actualmente<\/strong>&nbsp;el Centro de Formaci\u00f3n de \u201cFe y Alegr\u00eda\u201d en la regi\u00f3n&nbsp;<strong>no cuenta con las infraestructuras adecuadas para facilitar su participaci\u00f3n.<\/strong><\/p>\n\n\n\n<p><strong>Gracias a este proyecto<\/strong>, Fe y Alegr\u00eda&nbsp;<strong>podr\u00e1 construir una sala polivalente<\/strong>&nbsp;que permitir\u00e1, entre otras cosas, mejorar la calidad de las formaciones dirigidas al profesorado y a las Asociaciones de Madres y Padres del alumnado.&nbsp;<strong>Esto tendr\u00e1 un efecto multiplicador que beneficiar\u00e1 a las m\u00e1s de 4.000 alumnas y alumnos que estudian en las 15 escuelas de \u201cFe y Alegr\u00eda\u201d en la regi\u00f3n de Gu\u00e9ra.<\/strong><\/p>\n\n\n\n<p>Deusto Alumni Social y la ONG Jesuita ALBOAN unimos nuestras fuerzas para colaborar en este proyecto.<\/p>\n\n\n\n<p>Tu aportaci\u00f3n nos ayudar\u00e1 a conseguir los 5.000\u20ac que necesitamos para completar la financiaci\u00f3n de este proyecto. \u00a1Cada gesto cuenta!<\/p>\n\n\n\n<p><a href=\"https:\/\/www.alboan.org\/es\/colabora\/con\/deustoalumni\" target=\"_blank\" rel=\"noreferrer noopener\">www.alboan.org\/es\/colabora\/con\/deustoalumni<\/a><\/p>\n\n\n\n<figure class=\"wp-block-image size-full\"><img loading=\"lazy\" decoding=\"async\" width=\"1000\" height=\"580\" src=\"https:\/\/alumnisocial.deusto.es\/wp-content\/uploads\/2023\/10\/apoyo_chad.jpg\" alt=\"\" class=\"wp-image-410\" srcset=\"https:\/\/alumnisocial.deusto.es\/wp-content\/uploads\/2023\/10\/apoyo_chad.jpg 1000w, https:\/\/alumnisocial.deusto.es\/wp-content\/uploads\/2023\/10\/apoyo_chad-300x174.jpg 300w, https:\/\/alumnisocial.deusto.es\/wp-content\/uploads\/2023\/10\/apoyo_chad-768x445.jpg 768w\" sizes=\"auto, (max-width: 1000px) 100vw, 1000px\" \/><\/figure>\n","protected":false},"excerpt":{"rendered":"<p>Barkatu, edukia itzuli gabe dago. Chad es uno de los pa\u00edses m\u00e1s pobres del mundo. La esperanza de vida al nacer es de 49,6 a\u00f1os y&nbsp;s\u00f3lo 1 de cada 4 personas adultas de m\u00e1s 15 de a\u00f1os est\u00e1 alfabetizada. \u201cFe y Alegr\u00eda\u201d, tras m\u00e1s de 50 a\u00f1os de experiencia en Am\u00e9rica Latina, lleg\u00f3 a Chad [&hellip;]<\/p>\n","protected":false},"author":1,"featured_media":0,"parent":0,"menu_order":0,"comment_status":"closed","ping_status":"closed","template":"","meta":{"site-sidebar-layout":"default","site-content-layout":"","ast-site-content-layout":"default","site-content-style":"default","site-sidebar-style":"default","ast-global-header-display":"","ast-banner-title-visibility":"","ast-main-header-display":"","ast-hfb-above-header-display":"","ast-hfb-below-header-display":"","ast-hfb-mobile-header-display":"","site-post-title":"","ast-breadcrumbs-content":"","ast-featured-img":"","footer-sml-layout":"","ast-disable-related-posts":"","theme-transparent-header-meta":"","adv-header-id-meta":"","stick-header-meta":"","header-above-stick-meta":"","header-main-stick-meta":"","header-below-stick-meta":"","astra-migrate-meta-layouts":"default","ast-page-background-enabled":"default","ast-page-background-meta":{"desktop":{"background-color":"var(--ast-global-color-4)","background-image":"","background-repeat":"repeat","background-position":"center center","background-size":"auto","background-attachment":"scroll","background-type":"","background-media":"","overlay-type":"","overlay-color":"","overlay-opacity":"","overlay-gradient":""},"tablet":{"background-color":"","background-image":"","background-repeat":"repeat","background-position":"center center","background-size":"auto","background-attachment":"scroll","background-type":"","background-media":"","overlay-type":"","overlay-color":"","overlay-opacity":"","overlay-gradient":""},"mobile":{"background-color":"","background-image":"","background-repeat":"repeat","background-position":"center center","background-size":"auto","background-attachment":"scroll","background-type":"","background-media":"","overlay-type":"","overlay-color":"","overlay-opacity":"","overlay-gradient":""}},"ast-content-background-meta":{"desktop":{"background-color":"var(--ast-global-color-5)","background-image":"","background-repeat":"repeat","background-position":"center center","background-size":"auto","background-attachment":"scroll","background-type":"","background-media":"","overlay-type":"","overlay-color":"","overlay-opacity":"","overlay-gradient":""},"tablet":{"background-color":"var(--ast-global-color-5)","background-image":"","background-repeat":"repeat","background-position":"center center","background-size":"auto","background-attachment":"scroll","background-type":"","background-media":"","overlay-type":"","overlay-color":"","overlay-opacity":"","overlay-gradient":""},"mobile":{"background-color":"var(--ast-global-color-5)","background-image":"","background-repeat":"repeat","background-position":"center center","background-size":"auto","background-attachment":"scroll","background-type":"","background-media":"","overlay-type":"","overlay-color":"","overlay-opacity":"","overlay-gradient":""}},"footnotes":""},"class_list":["post-473","page","type-page","status-publish","hentry"],"_links":{"self":[{"href":"https:\/\/alumnisocial.deusto.es\/eu\/wp-json\/wp\/v2\/pages\/473","targetHints":{"allow":["GET"]}}],"collection":[{"href":"https:\/\/alumnisocial.deusto.es\/eu\/wp-json\/wp\/v2\/pages"}],"about":[{"href":"https:\/\/alumnisocial.deusto.es\/eu\/wp-json\/wp\/v2\/types\/page"}],"author":[{"embeddable":true,"href":"https:\/\/alumnisocial.deusto.es\/eu\/wp-json\/wp\/v2\/users\/1"}],"replies":[{"embeddable":true,"href":"https:\/\/alumnisocial.deusto.es\/eu\/wp-json\/wp\/v2\/comments?post=473"}],"version-history":[{"count":1,"href":"https:\/\/alumnisocial.deusto.es\/eu\/wp-json\/wp\/v2\/pages\/473\/revisions"}],"predecessor-version":[{"id":474,"href":"https:\/\/alumnisocial.deusto.es\/eu\/wp-json\/wp\/v2\/pages\/473\/revisions\/474"}],"wp:attachment":[{"href":"https:\/\/alumnisocial.deusto.es\/eu\/wp-json\/wp\/v2\/media?parent=473"}],"curies":[{"name":"wp","href":"https:\/\/api.w.org\/{rel}","templated":true}]}}