{"id":471,"date":"2023-10-09T07:28:46","date_gmt":"2023-10-09T07:28:46","guid":{"rendered":"https:\/\/alumnisocial.deusto.es\/?page_id=471"},"modified":"2023-10-09T13:14:33","modified_gmt":"2023-10-09T13:14:33","slug":"esperientzia-lurraldean-mugan","status":"publish","type":"page","link":"https:\/\/alumnisocial.deusto.es\/eu\/esperientzia-lurraldean-mugan\/","title":{"rendered":"Esperientzia lurraldean, mugan"},"content":{"rendered":"\n<p>Barkatu, edukia itzuli gabe dago.<\/p>\n\n\n\n<p><strong>En qu\u00e9 consiste:<\/strong><\/p>\n\n\n\n<ul class=\"wp-block-list\">\n<li>Contactar y conocer la realidad de la inmigraci\u00f3n al otro lado de la frontera europea en T\u00e1nger (Marruecos)<\/li>\n\n\n\n<li>Conocer proyectos sociales llevados a cabo por los Franciscanos de la Cruz Blanca y las Misioneras de la Caridad con personas con discapacidad intelectual y\/o f\u00edsica, con enfermedad mental, colectivos socialmente vulnerables como inmigrantes, mujeres embarazadas abandonadas por sus familias, menores y ni\u00f1os y ni\u00f1as en riesgo de exclusi\u00f3n<\/li>\n\n\n\n<li>Vivir una experiencia (en grupo)<\/li>\n<\/ul>\n\n\n\n<p><strong>Cu\u00e1ndo:<\/strong><\/p>\n\n\n\n<ul class=\"wp-block-list\">\n<li>Del&nbsp;<strong>19 al 22 de octubre&nbsp;<\/strong>de 2019.&nbsp;<\/li>\n<\/ul>\n\n\n\n<p><strong>D\u00f3nde:<\/strong><\/p>\n\n\n\n<ul class=\"wp-block-list\">\n<li><strong>Tanger<\/strong><\/li>\n<\/ul>\n\n\n\n<p><strong>L<\/strong><strong>a experiencia se compone de 3 bloques\/momentos:<\/strong><\/p>\n\n\n\n<ul class=\"wp-block-list\">\n<li>Antes del viaje, llevaremos a cabo un encuentro con las personas interesadas para conocernos y conocer de cerca los proyectos que vamos a vivir (principios de octubre)<\/li>\n\n\n\n<li>Experiencia en T\u00e1nger (19-22 octubre)<\/li>\n\n\n\n<li>Tras el viaje, y conocida la realidad de la frontera, aunque brevemente, llevaremos a cabo un encuentro de grupo para recoger la experiencia vivida en la Asociaci\u00f3n Ellacur\u00eda. Aquellas personas que se sientan llamadas podr\u00e1n seguir colaborando desde aqu\u00ed con las realidades encontradas en T\u00e1nger (finales de octubre-principios de noviembre)<\/li>\n<\/ul>\n\n\n\n<p><strong>Cu\u00e1nto cuesta:<\/strong><\/p>\n\n\n\n<ul class=\"wp-block-list\">\n<li>400 \u20ac aproximadamente (Incluye: vuelo + alojamiento + comida + seguro)<br><strong>*<\/strong>Se paga 200 \u20ac al confirmar plaza. El resto, antes del 1 de octubre<br><strong>*<\/strong>El alojamiento ser\u00e1 en el Albergue Hogar Padre Lerchundi en habitaciones compartidas<\/li>\n<\/ul>\n\n\n\n<p><strong>C\u00f3mo participar:<\/strong><\/p>\n\n\n\n<p>Si quieres participar en la experiencia cumplimenta este&nbsp;<a href=\"https:\/\/bit.ly\/2Oc932I\" target=\"_blank\" rel=\"noreferrer noopener\">formulario<\/a>&nbsp;o ponte en contacto con alumni_social@deusto.es<\/p>\n\n\n\n<p>*Inscripci\u00f3n: hasta el 15 de julio (en caso de cancelaci\u00f3n se devolver\u00e1 el dinero, excepto el precio del billete)<br>Se admitir\u00e1 un m\u00e1ximo de 15 personas<\/p>\n\n\n\n<p>Para m\u00e1s informaci\u00f3n, puedes contactar con nosotras llamando al tel\u00e9fono 94 413 93 51<br>&nbsp;<\/p>\n","protected":false},"excerpt":{"rendered":"<p>Barkatu, edukia itzuli gabe dago. En qu\u00e9 consiste: Cu\u00e1ndo: D\u00f3nde: La experiencia se compone de 3 bloques\/momentos: Cu\u00e1nto cuesta: C\u00f3mo participar: Si quieres participar en la experiencia cumplimenta este&nbsp;formulario&nbsp;o ponte en contacto con alumni_social@deusto.es *Inscripci\u00f3n: hasta el 15 de julio (en caso de cancelaci\u00f3n se devolver\u00e1 el dinero, excepto el precio del billete)Se admitir\u00e1 un [&hellip;]<\/p>\n","protected":false},"author":1,"featured_media":0,"parent":0,"menu_order":0,"comment_status":"closed","ping_status":"closed","template":"","meta":{"site-sidebar-layout":"default","site-content-layout":"","ast-site-content-layout":"default","site-content-style":"default","site-sidebar-style":"default","ast-global-header-display":"","ast-banner-title-visibility":"","ast-main-header-display":"","ast-hfb-above-header-display":"","ast-hfb-below-header-display":"","ast-hfb-mobile-header-display":"","site-post-title":"","ast-breadcrumbs-content":"","ast-featured-img":"","footer-sml-layout":"","ast-disable-related-posts":"","theme-transparent-header-meta":"","adv-header-id-meta":"","stick-header-meta":"","header-above-stick-meta":"","header-main-stick-meta":"","header-below-stick-meta":"","astra-migrate-meta-layouts":"default","ast-page-background-enabled":"default","ast-page-background-meta":{"desktop":{"background-color":"var(--ast-global-color-4)","background-image":"","background-repeat":"repeat","background-position":"center center","background-size":"auto","background-attachment":"scroll","background-type":"","background-media":"","overlay-type":"","overlay-color":"","overlay-opacity":"","overlay-gradient":""},"tablet":{"background-color":"","background-image":"","background-repeat":"repeat","background-position":"center center","background-size":"auto","background-attachment":"scroll","background-type":"","background-media":"","overlay-type":"","overlay-color":"","overlay-opacity":"","overlay-gradient":""},"mobile":{"background-color":"","background-image":"","background-repeat":"repeat","background-position":"center center","background-size":"auto","background-attachment":"scroll","background-type":"","background-media":"","overlay-type":"","overlay-color":"","overlay-opacity":"","overlay-gradient":""}},"ast-content-background-meta":{"desktop":{"background-color":"var(--ast-global-color-5)","background-image":"","background-repeat":"repeat","background-position":"center center","background-size":"auto","background-attachment":"scroll","background-type":"","background-media":"","overlay-type":"","overlay-color":"","overlay-opacity":"","overlay-gradient":""},"tablet":{"background-color":"var(--ast-global-color-5)","background-image":"","background-repeat":"repeat","background-position":"center center","background-size":"auto","background-attachment":"scroll","background-type":"","background-media":"","overlay-type":"","overlay-color":"","overlay-opacity":"","overlay-gradient":""},"mobile":{"background-color":"var(--ast-global-color-5)","background-image":"","background-repeat":"repeat","background-position":"center center","background-size":"auto","background-attachment":"scroll","background-type":"","background-media":"","overlay-type":"","overlay-color":"","overlay-opacity":"","overlay-gradient":""}},"footnotes":""},"class_list":["post-471","page","type-page","status-publish","hentry"],"_links":{"self":[{"href":"https:\/\/alumnisocial.deusto.es\/eu\/wp-json\/wp\/v2\/pages\/471","targetHints":{"allow":["GET"]}}],"collection":[{"href":"https:\/\/alumnisocial.deusto.es\/eu\/wp-json\/wp\/v2\/pages"}],"about":[{"href":"https:\/\/alumnisocial.deusto.es\/eu\/wp-json\/wp\/v2\/types\/page"}],"author":[{"embeddable":true,"href":"https:\/\/alumnisocial.deusto.es\/eu\/wp-json\/wp\/v2\/users\/1"}],"replies":[{"embeddable":true,"href":"https:\/\/alumnisocial.deusto.es\/eu\/wp-json\/wp\/v2\/comments?post=471"}],"version-history":[{"count":1,"href":"https:\/\/alumnisocial.deusto.es\/eu\/wp-json\/wp\/v2\/pages\/471\/revisions"}],"predecessor-version":[{"id":472,"href":"https:\/\/alumnisocial.deusto.es\/eu\/wp-json\/wp\/v2\/pages\/471\/revisions\/472"}],"wp:attachment":[{"href":"https:\/\/alumnisocial.deusto.es\/eu\/wp-json\/wp\/v2\/media?parent=471"}],"curies":[{"name":"wp","href":"https:\/\/api.w.org\/{rel}","templated":true}]}}