{"id":469,"date":"2023-10-09T07:25:02","date_gmt":"2023-10-09T07:25:02","guid":{"rendered":"https:\/\/alumnisocial.deusto.es\/?page_id=469"},"modified":"2023-10-09T13:13:12","modified_gmt":"2023-10-09T13:13:12","slug":"bizilagunak-ondoko-familia","status":"publish","type":"page","link":"https:\/\/alumnisocial.deusto.es\/eu\/bizilagunak-ondoko-familia\/","title":{"rendered":"Bizilagunak, ondoko Familia"},"content":{"rendered":"\n<p>Una experiencia de encuentro en la diversidad que lleva organiz\u00e1ndose anualmente desde 2004 en Praga y en toda la Rep\u00fablica Checa por Slovo21 (<a href=\"http:\/\/www.slovo21.cz\/\" target=\"_blank\" rel=\"noreferrer noopener\">www.slovo21.cz<\/a>).<\/p>\n\n\n\n<p>La din\u00e1mica consiste en compartir una comida un d\u00eda de un fin de semana concreto (se hace a la vez en toda Europa) entre dos familias (o grupos de personas), una aut\u00f3ctona y otra extranjera, para cambiar -con la relaci\u00f3n- los estereotipos y los discursos sociales, que dificultan la convivencia entre personas diversas.<\/p>\n\n\n\n<p>La experiencia forma parte de las propuestas de la&nbsp;<strong>Campa\u00f1a de Hospitalidad.<\/strong><\/p>\n\n\n\n<p><strong>\u00bfQu\u00e9 es y c\u00f3mo participar?<\/strong><\/p>\n\n\n\n<p>Una vez que las familias deciden participar en el proyecto, una persona facilitadora se comunicar\u00e1 con las familias, reunir\u00e1 informaci\u00f3n sobre aspectos a tener en cuenta en cuanto a alimentos, mascotas, aficiones, edades etc. y buscar\u00e1 una familia que corresponda para que se conozcan.<\/p>\n\n\n\n<p><strong>Cu\u00e1ndo: Domingo 17 de noviembre de 2019 a las 14:00 horas.<\/strong><\/p>\n\n\n\n<p><strong>El d\u00eda de la comida:<\/strong><\/p>\n\n\n\n<p>La familia anfitriona cocina algo (lo que suele cocinar cuando invita a alguien a visitarles, preferentemente algo t\u00edpico). La familia visitante puede llevar el postre o alg\u00fan plato t\u00edpico y llega en compa\u00f1\u00eda de la persona facilitadora del encuentro. La gente se conoce entre s\u00ed, la persona facilitadora ayuda en caso de cualquier problema de comunicaci\u00f3n (como el idioma). Las reuniones son informales, por lo no que hay duraci\u00f3n limitada, aunque sobre las 17:30 &#8211; 18:00 horas se suelen terminar los encuentros.<\/p>\n\n\n\n<figure class=\"wp-block-image size-large\"><img loading=\"lazy\" decoding=\"async\" width=\"739\" height=\"1024\" src=\"https:\/\/alumnisocial.deusto.es\/wp-content\/uploads\/2023\/10\/bizilagunak-739x1024.jpg\" alt=\"\" class=\"wp-image-395\" srcset=\"https:\/\/alumnisocial.deusto.es\/wp-content\/uploads\/2023\/10\/bizilagunak-739x1024.jpg 739w, https:\/\/alumnisocial.deusto.es\/wp-content\/uploads\/2023\/10\/bizilagunak-217x300.jpg 217w, https:\/\/alumnisocial.deusto.es\/wp-content\/uploads\/2023\/10\/bizilagunak-768x1064.jpg 768w, https:\/\/alumnisocial.deusto.es\/wp-content\/uploads\/2023\/10\/bizilagunak-1109x1536.jpg 1109w, https:\/\/alumnisocial.deusto.es\/wp-content\/uploads\/2023\/10\/bizilagunak.jpg 1200w\" sizes=\"auto, (max-width: 739px) 100vw, 739px\" \/><\/figure>\n","protected":false},"excerpt":{"rendered":"<p>Una experiencia de encuentro en la diversidad que lleva organiz\u00e1ndose anualmente desde 2004 en Praga y en toda la Rep\u00fablica Checa por Slovo21 (www.slovo21.cz). La din\u00e1mica consiste en compartir una comida un d\u00eda de un fin de semana concreto (se hace a la vez en toda Europa) entre dos familias (o grupos de personas), una [&hellip;]<\/p>\n","protected":false},"author":1,"featured_media":0,"parent":0,"menu_order":0,"comment_status":"closed","ping_status":"closed","template":"","meta":{"site-sidebar-layout":"default","site-content-layout":"","ast-site-content-layout":"default","site-content-style":"default","site-sidebar-style":"default","ast-global-header-display":"","ast-banner-title-visibility":"","ast-main-header-display":"","ast-hfb-above-header-display":"","ast-hfb-below-header-display":"","ast-hfb-mobile-header-display":"","site-post-title":"","ast-breadcrumbs-content":"","ast-featured-img":"","footer-sml-layout":"","ast-disable-related-posts":"","theme-transparent-header-meta":"","adv-header-id-meta":"","stick-header-meta":"","header-above-stick-meta":"","header-main-stick-meta":"","header-below-stick-meta":"","astra-migrate-meta-layouts":"default","ast-page-background-enabled":"default","ast-page-background-meta":{"desktop":{"background-color":"var(--ast-global-color-4)","background-image":"","background-repeat":"repeat","background-position":"center center","background-size":"auto","background-attachment":"scroll","background-type":"","background-media":"","overlay-type":"","overlay-color":"","overlay-opacity":"","overlay-gradient":""},"tablet":{"background-color":"","background-image":"","background-repeat":"repeat","background-position":"center center","background-size":"auto","background-attachment":"scroll","background-type":"","background-media":"","overlay-type":"","overlay-color":"","overlay-opacity":"","overlay-gradient":""},"mobile":{"background-color":"","background-image":"","background-repeat":"repeat","background-position":"center center","background-size":"auto","background-attachment":"scroll","background-type":"","background-media":"","overlay-type":"","overlay-color":"","overlay-opacity":"","overlay-gradient":""}},"ast-content-background-meta":{"desktop":{"background-color":"var(--ast-global-color-5)","background-image":"","background-repeat":"repeat","background-position":"center center","background-size":"auto","background-attachment":"scroll","background-type":"","background-media":"","overlay-type":"","overlay-color":"","overlay-opacity":"","overlay-gradient":""},"tablet":{"background-color":"var(--ast-global-color-5)","background-image":"","background-repeat":"repeat","background-position":"center center","background-size":"auto","background-attachment":"scroll","background-type":"","background-media":"","overlay-type":"","overlay-color":"","overlay-opacity":"","overlay-gradient":""},"mobile":{"background-color":"var(--ast-global-color-5)","background-image":"","background-repeat":"repeat","background-position":"center center","background-size":"auto","background-attachment":"scroll","background-type":"","background-media":"","overlay-type":"","overlay-color":"","overlay-opacity":"","overlay-gradient":""}},"footnotes":""},"class_list":["post-469","page","type-page","status-publish","hentry"],"_links":{"self":[{"href":"https:\/\/alumnisocial.deusto.es\/eu\/wp-json\/wp\/v2\/pages\/469","targetHints":{"allow":["GET"]}}],"collection":[{"href":"https:\/\/alumnisocial.deusto.es\/eu\/wp-json\/wp\/v2\/pages"}],"about":[{"href":"https:\/\/alumnisocial.deusto.es\/eu\/wp-json\/wp\/v2\/types\/page"}],"author":[{"embeddable":true,"href":"https:\/\/alumnisocial.deusto.es\/eu\/wp-json\/wp\/v2\/users\/1"}],"replies":[{"embeddable":true,"href":"https:\/\/alumnisocial.deusto.es\/eu\/wp-json\/wp\/v2\/comments?post=469"}],"version-history":[{"count":1,"href":"https:\/\/alumnisocial.deusto.es\/eu\/wp-json\/wp\/v2\/pages\/469\/revisions"}],"predecessor-version":[{"id":470,"href":"https:\/\/alumnisocial.deusto.es\/eu\/wp-json\/wp\/v2\/pages\/469\/revisions\/470"}],"wp:attachment":[{"href":"https:\/\/alumnisocial.deusto.es\/eu\/wp-json\/wp\/v2\/media?parent=469"}],"curies":[{"name":"wp","href":"https:\/\/api.w.org\/{rel}","templated":true}]}}