{"id":463,"date":"2023-10-06T08:29:14","date_gmt":"2023-10-06T08:29:14","guid":{"rendered":"https:\/\/alumnisocial.deusto.es\/?page_id=463"},"modified":"2023-10-09T13:01:57","modified_gmt":"2023-10-09T13:01:57","slug":"el-conflicto-de-los-refugiados-en-la-guerra-de-ucrania","status":"publish","type":"page","link":"https:\/\/alumnisocial.deusto.es\/eu\/el-conflicto-de-los-refugiados-en-la-guerra-de-ucrania\/","title":{"rendered":"El conflicto de los Refugiados en la Guerra de Ucrania"},"content":{"rendered":"\n<p>Barkatu, edukia itzuli gabe dago.<\/p>\n\n\n\n<div class=\"contenidoPestana\"><div class=\"text\"><article class=\"cked\"><center><table align=\"center\" border=\"0\" cellpadding=\"0\" cellspacing=\"0\" width=\"700px\" class=\"magic-table\"> <tbody> <tr class=\"rt-skip\"> <td valign=\"top\" style=\"padding: 0px 18px 0px; color: #000000; font-family: Verdana, Geneva, sans-serif; font-size: 26px; font-weight: normal; text-align: center;\">&#8220;C\u00f3mo colaborar desde Euskadi en la ayuda humanitaria a las personas refugiadas de la guerra en Ucrania&#8221;<\/td> <\/tr> <tr class=\"rt-even\"> <td align=\"center\" valign=\"top\" id=\"templateBody\" data-template-container=\"\"><label class=\"rt-visible rt-lbl\">&#8220;C\u00f3mo colaborar desde Euskadi en la ayuda humanitaria a las personas refugiadas de la guerra en Ucrania&#8221;<\/label><label class=\"rt-lbl2\"> <table align=\"left\" border=\"0\" cellpadding=\"0\" cellspacing=\"0\" width=\"700px\" style=\"min-width:100%;\"> <tbody> <tr> <td valign=\"top\" style=\"padding: 22px 8px 9px; line-height: 150%;\"> <span style=\"text-align: left; font-size:18px; font-family:lato,helvetica neue,helvetica,arial,sans-serif;\">  El pasado 31 de marzo tuvo lugar en la Universidad de Deusto la jornada \u201c<em>C\u00f3mo colaborar desde Euskadi en la ayuda humanitaria a las personas refugiadas de la guerra de Ucrania<\/em>\u201d. En la mesa redonda participaron<strong> Xabier Legarreta<\/strong>, Director de Migraci\u00f3n y Asilo del Gobierno Vasco; <strong>Elena Valverde<\/strong>, Coordinadora de CEAR en Euskadi; <strong>Manu Calvo<\/strong>, Secretario Provincial Cruz Roja en Bizkaia y <strong>Tinixara Guanche<\/strong>, Coordinadora de Acogida de Fundaci\u00f3n Ellacur\u00eda. <br><br>  Ante la situaci\u00f3n que ha provocado la invasi\u00f3n rusa a Ucrania en la que ya m\u00e1s de 3 millones y medio de ciudadanos ucranianos se han visto obligados a abandonar sus casas, somos muchos los que nos planteamos como podemos ayudarles y as\u00ed aportar nuestro granito de arena. Sin embargo, en muchas ocasiones no sabemos c\u00f3mo hacerlo.<br><br>  La jornada y las personas que participaron en ella marcaron el camino hacia donde se debe encaminar la ayuda en este preciso momento y de los medios de los que disponemos en Euskadi para hacer que sea efectiva. Todos los ponentes resaltaron la importancia de que esa ayuda debe ser ordenada y estar coordinada con las entidades, asociaciones y organismos que trabajan tanto desde Euskadi como en el propio terreno para hacer llegar comida, dinero y dem\u00e1s muestras de solidaridad y empat\u00eda a quienes en estos momentos m\u00e1s lo necesitan.<br><br>  A continuaci\u00f3n puedes consultar el streaming grabado para aquellos que no pudieron conectarse en directo:<br> <br>  <div align=\"center\"> <iframe loading=\"lazy\" width=\"700\" height=\"360\" src=\"https:\/\/www.youtube.com\/embed\/Pzl6KIEFHyg\" title=\"YouTube video player\" frameborder=\"0\" allow=\"accelerometer; autoplay; clipboard-write; encrypted-media; gyroscope; picture-in-picture\" allowfullscreen=\"\"><\/iframe> <\/div> <\/span><\/td> <\/tr> <\/tbody> <\/table> <\/label><\/td> <\/tr> <\/tbody><\/table><table border=\"0\" cellpadding=\"0\" cellspacing=\"0\" width=\"700px\" style=\"padding:10px 0px;\" class=\"magic-table\"> <tbody> <tr class=\"rt-skip\"> <td valign=\"top\" style=\"padding: 0px 18px 9px;\"> <div style=\"font-size:20px; text-align:left; font-family:lato,helvetica neue,helvetica,arial,sans-serif; font-weight:300\">PARTICIPAN &#8211; PARTAIDEAK<\/div> <\/td> <\/tr> <tr style=\"background:transparent; border:0px\" class=\"rt-even\"> <td valign=\"top\" style=\"padding:0 9px ;max-width:264px; \" width=\"264px\"><label class=\"rt-visible rt-lbl\"> <div style=\"font-size:20px; text-align:left; font-family:lato,helvetica neue,helvetica,arial,sans-serif; font-weight:300\">PARTICIPAN &#8211; PARTAIDEAK<\/div> <\/label><label class=\"rt-lbl2\"> <table align=\"left\" border=\"0\" cellpadding=\"0\" cellspacing=\"0\" style=\"text-decoration:none; \"> <tbody> <tr> <td align=\"center\" valign=\"top\"><img decoding=\"async\" alt=\"\" src=\"https:\/\/mcusercontent.com\/b3a5c8c26b3a0635492182091\/images\/e30700a1-9e05-38ff-98cf-755dd9a67dd9.png\" width=\"194\" style=\"max-width: 194px; border-radius: 0%;\" class=\"mcnImage\"><\/td> <\/tr> <\/tbody> <\/table> <\/label><\/td> <td style=\"max-width:300px\" width=\"300px\"> <table align=\"right\" border=\"0\" cellpadding=\"0\" cellspacing=\"0\"> <tbody> <tr> <td valign=\"top\"><strong>XABIER LEGARRETA<\/strong><br> <br> Director de Migraci\u00f3n y Asilo del Gobierno Vasco.<br> <br> Eusko Jaurlaritzako Migrazio eta Asiloko zuzendaria<\/td> <\/tr> <\/tbody> <\/table> <\/td> <\/tr> <tr> <td valign=\"top\" style=\"padding:0 9px ;max-width:264px\" width=\"264px\"> <table align=\"left\" border=\"0\" cellpadding=\"0\" cellspacing=\"0\"> <tbody> <tr> <td align=\"center\" valign=\"top\"><img decoding=\"async\" alt=\"\" src=\"https:\/\/mcusercontent.com\/b3a5c8c26b3a0635492182091\/images\/cde9d6f6-ac05-5e10-34a2-502e0af01c1e.png\" width=\"194\" style=\"max-width:194px;\" class=\"mcnImage\"><\/td> <\/tr> <\/tbody> <\/table> <\/td> <td style=\"max-width:300px\" width=\"300px\"> <table align=\"right\" border=\"0\" cellpadding=\"0\" cellspacing=\"0\"> <tbody> <tr> <td valign=\"top\"><br> <strong>ELENA VALVERDE<\/strong><br> <br> Coordinadora de CEAR en Euskadi.<br> <br> CEARen koordinatzailea Euskadin.<\/td> <\/tr> <\/tbody> <\/table> <\/td> <\/tr> <tr style=\"background:transparent; border:0px\"> <td valign=\"top\" style=\"padding:0 9px ;max-width:264px\" width=\"264px\"> <table align=\"left\" border=\"0\" cellpadding=\"0\" cellspacing=\"0\"> <tbody> <tr> <td align=\"center\" valign=\"top\"><img decoding=\"async\" alt=\"\" src=\"https:\/\/mcusercontent.com\/b3a5c8c26b3a0635492182091\/images\/da8de342-682d-7f2a-a170-f0f975b024b4.png\" width=\"194\" style=\"max-width:194px;\" class=\"mcnImage\"><\/td> <\/tr> <\/tbody> <\/table> <\/td> <td style=\"max-width:300px\" width=\"300px\"> <table align=\"right\" border=\"0\" cellpadding=\"0\" cellspacing=\"0\"> <tbody> <tr> <td valign=\"top\"><strong>MANU CALVO<\/strong><br> <br> Secretario Provincial Cruz Roja en Bizkaia.<br> <br> Bizkaiko Gurutze Gorriaren probintzia-idazkaria.<\/td> <\/tr> <\/tbody> <\/table> <\/td> <\/tr> <tr> <td valign=\"top\" style=\"padding:0 9px ;max-width:264px\" width=\"264px\"> <table align=\"left\" border=\"0\" cellpadding=\"0\" cellspacing=\"0\"> <tbody> <tr> <td align=\"center\" valign=\"top\"><img decoding=\"async\" alt=\"\" src=\"https:\/\/mcusercontent.com\/b3a5c8c26b3a0635492182091\/images\/b49bdfc2-f5f2-a35b-af9c-c8c00b603927.png\" width=\"194\" style=\"max-width:194px;\" class=\"mcnImage\"><\/td> <\/tr> <\/tbody> <\/table> <\/td> <td style=\"max-width:300px\" width=\"300px\"> <table align=\"right\" border=\"0\" cellpadding=\"0\" cellspacing=\"0\"> <tbody> <tr> <td valign=\"top\"><strong>TINIXARA GUANCHE<\/strong><br> <br> Coordinadora de Acogida de Fundaci\u00f3n Ellacur\u00eda.<br> <br> Ellacuria Fundazioko Harrera Koordinatzailea.<\/td> <\/tr> <\/tbody> <\/table> <\/td> <\/tr> <\/tbody><\/table><table border=\"0\" cellpadding=\"0\" cellspacing=\"0\" width=\"700px\" style=\"padding:10px 20px;\"> <tbody> <tr> <td valign=\"top\" class=\"mcnTextContent\" style=\"padding-top:0; padding-right:18px; padding-bottom:9px; padding-left:28px;\"><strong>AITOR URRUTIA.&nbsp;&nbsp;<\/strong>Moderador &#8211; Moderatzailea.<\/td> <\/tr> <\/tbody><\/table><table border=\"0\" cellpadding=\"0\" cellspacing=\"0\" width=\"700px\" style=\"padding:10px 9px;\"> <tbody> <tr> <td valign=\"top\" style=\"padding:0 9px ;max-width:264px\" width=\"264px\"> <h3 style=\"text-align: center; padding-top:5px\"><img decoding=\"async\" src=\"https:\/\/mcusercontent.com\/b3a5c8c26b3a0635492182091\/images\/6c6f4ede-266c-7349-c2c0-5561b930c9cf.png\" style=\"border: 0px  ; width: 35px; height: 28px; margin: 0px;\" alt=\"\"><\/h3> <\/td> <td style=\"max-width:300px\" width=\"300px\"><span style=\"font-size:17px\">31 de marzo de 2022<\/span><br> <span style=\"font-size:17px\">2022ko martxoaren 31<\/span><\/td> <\/tr> <tr> <td valign=\"top\" style=\"padding:0 9px ;max-width:264px\" width=\"264px\"> <h3 style=\"text-align: center; padding-top:5px\"><img decoding=\"async\" src=\"https:\/\/mcusercontent.com\/b3a5c8c26b3a0635492182091\/images\/3abc4742-5f0c-aa5b-1b22-774a497c8a17.png\" style=\"border: 0px  ; width: 35px; height: 35px; margin: 0px;\" alt=\"\"><\/h3> <\/td> <td style=\"max-width:300px\" width=\"300px\"><span style=\"font-size:17px\">18:00 h&nbsp;<\/span><span style=\"font-size:15px\"><em> (Duraci\u00f3n aprox. 90 mins)<\/em><\/span><br> <span style=\"font-size:17px\">18:00&nbsp; &nbsp;&nbsp;<\/span><span style=\"font-size:15px\"><em>(Iraupena, gutxi gorabehera. 90 min)<\/em><\/span><\/td> <\/tr> <tr> <td valign=\"top\" style=\"padding:0 9px ;max-width:264px\" width=\"264px\"> <h3 style=\"text-align: center; padding-top:20px\"><a href=\"https:\/\/alumni.deusto.es\/resource\/1647965763000\/MapaSalaGarate\" target=\"_blank\" rel=\"noopener\"><img decoding=\"async\" src=\"https:\/\/mcusercontent.com\/b3a5c8c26b3a0635492182091\/images\/3cc7f8c1-7465-219b-424f-3e3ea9ec9fac.png\" style=\"border: 0px initial ; width: 42px; height: 35px; margin: 0px;\" alt=\"\"><\/a><\/h3> <\/td> <td style=\"max-width:300px\" width=\"300px\"><span style=\"font-size:17px\">Sala Turing (Edificio de Ingenier\u00eda, 2\u00aa Planta). Universidad de Deusto. Campus de Bilbao.<\/span><br> <span style=\"font-size:17px\">Turing Aretoa (Ingeniaritza Eraikina, 2. Solairua). Deustuko Unibertsitatea. Bilboko Campusa.<\/span><\/td> <\/tr> <tr align=\"center\"> <td colspan=\"2\" align=\"center\" valign=\"top\" style=\"padding-top:0; padding-left:18px; padding-bottom:9px; padding-right:18px;\"><strong>Inscripciones hasta completar aforo.<br> Izen-emateak edukiera bete arte.<\/strong><\/td> <\/tr> <\/tbody><\/table><table border=\"0\" cellpadding=\"0\" align=\"center\" cellspacing=\"0\" style=\"border-collapse: separate !important;border: 1px none;border-radius: 3px;\"> <tbody> <tr align=\"center\"> <td align=\"center\" valign=\"top\" style=\"padding:0 9px 0 9px;\" width=\"100%\"> <div style=\"width:100%; max-width:700px\" align=\"center\"><a href=\"https:\/\/forms.gle\/aokpzmGnfyekn3Yq5\" style=\"background: #5d778b; border: 20px solid #5d778b; font-family: 'Trebuchet MS', Verdana, sans-serif; font-size: 15px; line-height: 8px; text-align: center; text-decoration: none; display: block; border-radius: 20px; \" target=\"_blank\" rel=\"noopener\"><span class=\"button-link\" style=\"color:#ffffff\"><strong>QUIERO ASISTIR &#8211; JOAN NAHI DUT<\/strong><\/span> <\/a><\/div> <\/td> <\/tr> <\/tbody><\/table><table border=\"0\" cellpadding=\"0\" align=\"center\" cellspacing=\"0\" style=\"border-collapse: separate !important;border: 1px none;border-radius: 3px;\"> <tbody> <tr align=\"center\"> <td align=\"center\" valign=\"top\" style=\"padding:15px 9px 0 9px;\" width=\"100%\"><img decoding=\"async\" src=\"https:\/\/alumni.deusto.es\/resource\/1648203326000\/LogosJornadaUcrania\" alt=\"\"><\/td> <\/tr> <\/tbody><\/table><!-- \/\/ END TEMPLATE --> <\/center><\/article><\/div><\/div>\n","protected":false},"excerpt":{"rendered":"<p>Barkatu, edukia itzuli gabe dago. &#8220;C\u00f3mo colaborar desde Euskadi en la ayuda humanitaria a las personas refugiadas de la guerra en Ucrania&#8221; &#8220;C\u00f3mo colaborar desde Euskadi en la ayuda humanitaria a las personas refugiadas de la guerra en Ucrania&#8221; El pasado 31 de marzo tuvo lugar en la Universidad de Deusto la jornada \u201cC\u00f3mo colaborar [&hellip;]<\/p>\n","protected":false},"author":1,"featured_media":0,"parent":0,"menu_order":0,"comment_status":"closed","ping_status":"closed","template":"","meta":{"site-sidebar-layout":"no-sidebar","site-content-layout":"","ast-site-content-layout":"default","site-content-style":"default","site-sidebar-style":"default","ast-global-header-display":"","ast-banner-title-visibility":"","ast-main-header-display":"","ast-hfb-above-header-display":"","ast-hfb-below-header-display":"","ast-hfb-mobile-header-display":"","site-post-title":"","ast-breadcrumbs-content":"","ast-featured-img":"","footer-sml-layout":"","ast-disable-related-posts":"","theme-transparent-header-meta":"","adv-header-id-meta":"","stick-header-meta":"","header-above-stick-meta":"","header-main-stick-meta":"","header-below-stick-meta":"","astra-migrate-meta-layouts":"default","ast-page-background-enabled":"default","ast-page-background-meta":{"desktop":{"background-color":"var(--ast-global-color-4)","background-image":"","background-repeat":"repeat","background-position":"center center","background-size":"auto","background-attachment":"scroll","background-type":"","background-media":"","overlay-type":"","overlay-color":"","overlay-opacity":"","overlay-gradient":""},"tablet":{"background-color":"","background-image":"","background-repeat":"repeat","background-position":"center center","background-size":"auto","background-attachment":"scroll","background-type":"","background-media":"","overlay-type":"","overlay-color":"","overlay-opacity":"","overlay-gradient":""},"mobile":{"background-color":"","background-image":"","background-repeat":"repeat","background-position":"center center","background-size":"auto","background-attachment":"scroll","background-type":"","background-media":"","overlay-type":"","overlay-color":"","overlay-opacity":"","overlay-gradient":""}},"ast-content-background-meta":{"desktop":{"background-color":"var(--ast-global-color-5)","background-image":"","background-repeat":"repeat","background-position":"center center","background-size":"auto","background-attachment":"scroll","background-type":"","background-media":"","overlay-type":"","overlay-color":"","overlay-opacity":"","overlay-gradient":""},"tablet":{"background-color":"var(--ast-global-color-5)","background-image":"","background-repeat":"repeat","background-position":"center center","background-size":"auto","background-attachment":"scroll","background-type":"","background-media":"","overlay-type":"","overlay-color":"","overlay-opacity":"","overlay-gradient":""},"mobile":{"background-color":"var(--ast-global-color-5)","background-image":"","background-repeat":"repeat","background-position":"center center","background-size":"auto","background-attachment":"scroll","background-type":"","background-media":"","overlay-type":"","overlay-color":"","overlay-opacity":"","overlay-gradient":""}},"footnotes":""},"class_list":["post-463","page","type-page","status-publish","hentry"],"_links":{"self":[{"href":"https:\/\/alumnisocial.deusto.es\/eu\/wp-json\/wp\/v2\/pages\/463","targetHints":{"allow":["GET"]}}],"collection":[{"href":"https:\/\/alumnisocial.deusto.es\/eu\/wp-json\/wp\/v2\/pages"}],"about":[{"href":"https:\/\/alumnisocial.deusto.es\/eu\/wp-json\/wp\/v2\/types\/page"}],"author":[{"embeddable":true,"href":"https:\/\/alumnisocial.deusto.es\/eu\/wp-json\/wp\/v2\/users\/1"}],"replies":[{"embeddable":true,"href":"https:\/\/alumnisocial.deusto.es\/eu\/wp-json\/wp\/v2\/comments?post=463"}],"version-history":[{"count":1,"href":"https:\/\/alumnisocial.deusto.es\/eu\/wp-json\/wp\/v2\/pages\/463\/revisions"}],"predecessor-version":[{"id":464,"href":"https:\/\/alumnisocial.deusto.es\/eu\/wp-json\/wp\/v2\/pages\/463\/revisions\/464"}],"wp:attachment":[{"href":"https:\/\/alumnisocial.deusto.es\/eu\/wp-json\/wp\/v2\/media?parent=463"}],"curies":[{"name":"wp","href":"https:\/\/api.w.org\/{rel}","templated":true}]}}