{"id":438,"date":"2023-10-06T07:17:48","date_gmt":"2023-10-06T07:17:48","guid":{"rendered":"https:\/\/alumnisocial.deusto.es\/?page_id=438"},"modified":"2023-10-09T09:39:23","modified_gmt":"2023-10-09T09:39:23","slug":"zergatik-alumni-soziala","status":"publish","type":"page","link":"https:\/\/alumnisocial.deusto.es\/eu\/zergatik-alumni-soziala\/","title":{"rendered":"Zergatik Alumni Soziala?"},"content":{"rendered":"\n<p>Queremos ofrecer a los Alumni de la Universidad de Deusto opciones concretas de&nbsp;<strong>sensibilizaci\u00f3n<\/strong>&nbsp;creando espacios de&nbsp;<strong>participaci\u00f3n e implicaci\u00f3n social&nbsp;<\/strong>a trav\u00e9s de causas sociales y realidades globales en las que podamos trabajar conjuntamente, a fin de generar&nbsp;<strong>acciones solidarias<\/strong>&nbsp;y de&nbsp;<strong>cambio social.<\/strong><\/p>\n\n\n\n<figure class=\"wp-block-embed is-type-video is-provider-youtube wp-block-embed-youtube wp-embed-aspect-16-9 wp-has-aspect-ratio\"><div class=\"wp-block-embed__wrapper\">\n<iframe loading=\"lazy\" title=\"Deusto Alumni Social\" width=\"500\" height=\"281\" src=\"https:\/\/www.youtube.com\/embed\/g6h_2PhtRds?feature=oembed\" frameborder=\"0\" allow=\"accelerometer; autoplay; clipboard-write; encrypted-media; gyroscope; picture-in-picture; web-share\" referrerpolicy=\"strict-origin-when-cross-origin\" allowfullscreen><\/iframe>\n<\/div><\/figure>\n\n\n\n<p><\/p>\n\n\n\n<p><\/p>\n\n\n\n<p><strong>\u00bfC\u00f3mo funciona?<\/strong><\/p>\n\n\n\n<p>Con el objetivo de obtener el mayor impacto social posible a trav\u00e9s de las acciones desarrolladas en Deusto Alumni Social, se puede participar de tres maneras:<\/p>\n\n\n\n<ul class=\"wp-block-list\">\n<li><strong>Puedes participar en actividades que son planificadas y propuestas por el programa<\/strong>. Para ello, deber\u00e1s&nbsp;<a href=\"https:\/\/docs.google.com\/forms\/d\/e\/1FAIpQLSfuTPA4wdLkZpRxVdljnpX1vYsLwTSS2VZnoDRD0s1BtTox1w\/viewform\" target=\"_blank\" rel=\"noreferrer noopener\">inscribirte<\/a>&nbsp;en la causa que proponemos que m\u00e1s te interesa.<\/li>\n\n\n\n<li><strong>Puedes participar en proyectos sociales que sean de tu inter\u00e9s<\/strong>.Para eso debes hacernos llegar tu propuesta y la estudiaremos.<\/li>\n\n\n\n<li><strong>Puedes realizar tu aporte solidario y social con una donaci\u00f3n monetaria<\/strong>, a trav\u00e9s del programa, para que \u00e9sta se utilice en acciones o proyectos que impulsen el desarrollo integral de la sociedad.&nbsp;<\/li>\n<\/ul>\n\n\n\n<p>Es importante destacar que todas las actividades que realizamos, siempre son en colaboraci\u00f3n con organizaciones sociales expertas en la problem\u00e1tica que abordamos.<\/p>\n","protected":false},"excerpt":{"rendered":"<p>Queremos ofrecer a los Alumni de la Universidad de Deusto opciones concretas de&nbsp;sensibilizaci\u00f3n&nbsp;creando espacios de&nbsp;participaci\u00f3n e implicaci\u00f3n social&nbsp;a trav\u00e9s de causas sociales y realidades globales en las que podamos trabajar conjuntamente, a fin de generar&nbsp;acciones solidarias&nbsp;y de&nbsp;cambio social. \u00bfC\u00f3mo funciona? Con el objetivo de obtener el mayor impacto social posible a trav\u00e9s de las acciones [&hellip;]<\/p>\n","protected":false},"author":1,"featured_media":0,"parent":0,"menu_order":0,"comment_status":"closed","ping_status":"closed","template":"","meta":{"site-sidebar-layout":"default","site-content-layout":"","ast-site-content-layout":"default","site-content-style":"default","site-sidebar-style":"default","ast-global-header-display":"","ast-banner-title-visibility":"","ast-main-header-display":"","ast-hfb-above-header-display":"","ast-hfb-below-header-display":"","ast-hfb-mobile-header-display":"","site-post-title":"","ast-breadcrumbs-content":"","ast-featured-img":"","footer-sml-layout":"","ast-disable-related-posts":"","theme-transparent-header-meta":"","adv-header-id-meta":"","stick-header-meta":"","header-above-stick-meta":"","header-main-stick-meta":"","header-below-stick-meta":"","astra-migrate-meta-layouts":"default","ast-page-background-enabled":"default","ast-page-background-meta":{"desktop":{"background-color":"var(--ast-global-color-4)","background-image":"","background-repeat":"repeat","background-position":"center center","background-size":"auto","background-attachment":"scroll","background-type":"","background-media":"","overlay-type":"","overlay-color":"","overlay-opacity":"","overlay-gradient":""},"tablet":{"background-color":"","background-image":"","background-repeat":"repeat","background-position":"center center","background-size":"auto","background-attachment":"scroll","background-type":"","background-media":"","overlay-type":"","overlay-color":"","overlay-opacity":"","overlay-gradient":""},"mobile":{"background-color":"","background-image":"","background-repeat":"repeat","background-position":"center center","background-size":"auto","background-attachment":"scroll","background-type":"","background-media":"","overlay-type":"","overlay-color":"","overlay-opacity":"","overlay-gradient":""}},"ast-content-background-meta":{"desktop":{"background-color":"var(--ast-global-color-5)","background-image":"","background-repeat":"repeat","background-position":"center center","background-size":"auto","background-attachment":"scroll","background-type":"","background-media":"","overlay-type":"","overlay-color":"","overlay-opacity":"","overlay-gradient":""},"tablet":{"background-color":"var(--ast-global-color-5)","background-image":"","background-repeat":"repeat","background-position":"center center","background-size":"auto","background-attachment":"scroll","background-type":"","background-media":"","overlay-type":"","overlay-color":"","overlay-opacity":"","overlay-gradient":""},"mobile":{"background-color":"var(--ast-global-color-5)","background-image":"","background-repeat":"repeat","background-position":"center center","background-size":"auto","background-attachment":"scroll","background-type":"","background-media":"","overlay-type":"","overlay-color":"","overlay-opacity":"","overlay-gradient":""}},"footnotes":""},"class_list":["post-438","page","type-page","status-publish","hentry"],"_links":{"self":[{"href":"https:\/\/alumnisocial.deusto.es\/eu\/wp-json\/wp\/v2\/pages\/438","targetHints":{"allow":["GET"]}}],"collection":[{"href":"https:\/\/alumnisocial.deusto.es\/eu\/wp-json\/wp\/v2\/pages"}],"about":[{"href":"https:\/\/alumnisocial.deusto.es\/eu\/wp-json\/wp\/v2\/types\/page"}],"author":[{"embeddable":true,"href":"https:\/\/alumnisocial.deusto.es\/eu\/wp-json\/wp\/v2\/users\/1"}],"replies":[{"embeddable":true,"href":"https:\/\/alumnisocial.deusto.es\/eu\/wp-json\/wp\/v2\/comments?post=438"}],"version-history":[{"count":1,"href":"https:\/\/alumnisocial.deusto.es\/eu\/wp-json\/wp\/v2\/pages\/438\/revisions"}],"predecessor-version":[{"id":439,"href":"https:\/\/alumnisocial.deusto.es\/eu\/wp-json\/wp\/v2\/pages\/438\/revisions\/439"}],"wp:attachment":[{"href":"https:\/\/alumnisocial.deusto.es\/eu\/wp-json\/wp\/v2\/media?parent=438"}],"curies":[{"name":"wp","href":"https:\/\/api.w.org\/{rel}","templated":true}]}}